{"id":208,"date":"2023-08-18T16:31:39","date_gmt":"2023-08-18T14:31:39","guid":{"rendered":"https:\/\/levergerdessources.fr\/?page_id=208"},"modified":"2024-09-23T17:06:59","modified_gmt":"2024-09-23T15:06:59","slug":"les-partenaires","status":"publish","type":"page","link":"https:\/\/levergerdessources.fr\/index.php\/les-partenaires\/","title":{"rendered":"LES PARTENAIRES"},"content":{"rendered":"<p>[et_pb_section fb_built=\u00a0\u00bb1&Prime; admin_label=\u00a0\u00bbHeader\u00a0\u00bb _builder_version=\u00a0\u00bb4.27.0&Prime; _module_preset=\u00a0\u00bbdefault\u00a0\u00bb background_color=\u00a0\u00bb#0097B2&Prime; background_image=\u00a0\u00bbhttps:\/\/levergerdessources.fr\/wp-content\/uploads\/2024\/08\/Coffee_Shop_18.jpg\u00a0\u00bb min_height=\u00a0\u00bb406.5px\u00a0\u00bb custom_padding=\u00a0\u00bb0vw||0vw||true|false\u00a0\u00bb collapsed=\u00a0\u00bbon\u00a0\u00bb global_colors_info=\u00a0\u00bb{}\u00a0\u00bb][et_pb_row _builder_version=\u00a0\u00bb4.27.0&Prime; _module_preset=\u00a0\u00bbdefault\u00a0\u00bb width=\u00a0\u00bb50%\u00a0\u00bb width_tablet=\u00a0\u00bb80%\u00a0\u00bb width_phone=\u00a0\u00bb80%\u00a0\u00bb width_last_edited=\u00a0\u00bbon|desktop\u00a0\u00bb max_width=\u00a0\u00bbnone\u00a0\u00bb custom_margin=\u00a0\u00bb|auto|5px|auto||\u00a0\u00bb custom_padding=\u00a0\u00bb88px||||false|false\u00a0\u00bb global_colors_info=\u00a0\u00bb{}\u00a0\u00bb][et_pb_column type=\u00a0\u00bb4_4&Prime; _builder_version=\u00a0\u00bb4.24.3&Prime; _module_preset=\u00a0\u00bbdefault\u00a0\u00bb global_colors_info=\u00a0\u00bb{}\u00a0\u00bb][et_pb_heading title=\u00a0\u00bbnos partenaires\u00a0\u00bb _builder_version=\u00a0\u00bb4.27.0&Prime; _module_preset=\u00a0\u00bbcaa9c8b9-fb02-4501-bac5-95de89a4e45e\u00a0\u00bb title_font=\u00a0\u00bbInter|700||on|||||\u00a0\u00bb title_text_align=\u00a0\u00bbcenter\u00a0\u00bb title_text_color=\u00a0\u00bb#FFFFFF\u00a0\u00bb title_font_size=\u00a0\u00bb63px\u00a0\u00bb hover_enabled=\u00a0\u00bb0&Prime; global_colors_info=\u00a0\u00bb{}\u00a0\u00bb sticky_enabled=\u00a0\u00bb0&Prime;][\/et_pb_heading][et_pb_text _builder_version=\u00a0\u00bb4.27.0&Prime; _module_preset=\u00a0\u00bbff299220-13c3-4491-ac3b-e8f1ea683c7a\u00a0\u00bb text_font=\u00a0\u00bbManrope|500|||||||\u00a0\u00bb text_orientation=\u00a0\u00bbcenter\u00a0\u00bb hover_enabled=\u00a0\u00bb0&Prime; global_colors_info=\u00a0\u00bb{}\u00a0\u00bb sticky_enabled=\u00a0\u00bb0&Prime;]<\/p>\n<p>Si vous souhaitez devenir partenaire d&rsquo;une r\u00e9sidence qui place le bien-\u00eatre et le confort des r\u00e9sidents au c\u0153ur de ses priorit\u00e9s, n&rsquo;h\u00e9sitez pas \u00e0 nous rejoindre !\u00a0\u00bb<\/p>\n<p>[\/et_pb_text][et_pb_button button_url=\u00a0\u00bbhttps:\/\/levergerdessources.fr\/index.php\/contact\/\u00a0\u00bb button_text=\u00a0\u00bbCONTACTEZ-NOUS !\u00a0\u00bb button_alignment=\u00a0\u00bbcenter\u00a0\u00bb _builder_version=\u00a0\u00bb4.27.0&Prime; _module_preset=\u00a0\u00bbec85c2aa-7f51-4793-8141-b41d54342dd8&Prime; button_text_size=\u00a0\u00bb15px\u00a0\u00bb button_text_color=\u00a0\u00bb#4C5866&Prime; button_font=\u00a0\u00bbInter|700|||||||\u00a0\u00bb custom_padding=\u00a0\u00bb12px|40px|12px|40px|true|true\u00a0\u00bb global_colors_info=\u00a0\u00bb{}\u00a0\u00bb][\/et_pb_button][\/et_pb_column][\/et_pb_row][\/et_pb_section][et_pb_section fb_built=\u00a0\u00bb1&Prime; admin_label=\u00a0\u00bbGallery\u00a0\u00bb _builder_version=\u00a0\u00bb4.24.3&Prime; _module_preset=\u00a0\u00bbdefault\u00a0\u00bb min_height=\u00a0\u00bb575.3px\u00a0\u00bb custom_padding=\u00a0\u00bb140px||54px|||\u00a0\u00bb saved_tabs=\u00a0\u00bball\u00a0\u00bb collapsed=\u00a0\u00bbon\u00a0\u00bb global_colors_info=\u00a0\u00bb{}\u00a0\u00bb][et_pb_row column_structure=\u00a0\u00bb1_4,1_4,1_4,1_4&Prime; use_custom_gutter=\u00a0\u00bbon\u00a0\u00bb gutter_width=\u00a0\u00bb2&Prime; _builder_version=\u00a0\u00bb4.27.0&Prime; _module_preset=\u00a0\u00bbdefault\u00a0\u00bb max_width=\u00a0\u00bbnone\u00a0\u00bb global_colors_info=\u00a0\u00bb{}\u00a0\u00bb][et_pb_column type=\u00a0\u00bb1_4&Prime; _builder_version=\u00a0\u00bb4.24.3&Prime; _module_preset=\u00a0\u00bbdefault\u00a0\u00bb global_colors_info=\u00a0\u00bb{}\u00a0\u00bb][et_pb_image src=\u00a0\u00bbhttps:\/\/levergerdessources.fr\/wp-content\/uploads\/2024\/08\/caffee_shop_01.jpg\u00a0\u00bb title_text=\u00a0\u00bbcaffee_shop_01&Prime; show_in_lightbox=\u00a0\u00bbon\u00a0\u00bb use_overlay=\u00a0\u00bbon\u00a0\u00bb overlay_icon_color=\u00a0\u00bbgcid-3e93bdc5-146d-448e-a761-9f1b4dd51113&Prime; _builder_version=\u00a0\u00bb4.24.3&Prime; _module_preset=\u00a0\u00bbdefault\u00a0\u00bb global_colors_info=\u00a0\u00bb{%22gcid-3e93bdc5-146d-448e-a761-9f1b4dd51113%22:%91%22overlay_icon_color%22%93}\u00a0\u00bb][\/et_pb_image][\/et_pb_column][et_pb_column type=\u00a0\u00bb1_4&Prime; _builder_version=\u00a0\u00bb4.24.3&Prime; _module_preset=\u00a0\u00bbdefault\u00a0\u00bb global_colors_info=\u00a0\u00bb{}\u00a0\u00bb][et_pb_image src=\u00a0\u00bbhttps:\/\/levergerdessources.fr\/wp-content\/uploads\/2024\/08\/caffee_shop_02.jpg\u00a0\u00bb title_text=\u00a0\u00bbcaffee_shop_02&Prime; show_in_lightbox=\u00a0\u00bbon\u00a0\u00bb use_overlay=\u00a0\u00bbon\u00a0\u00bb overlay_icon_color=\u00a0\u00bbgcid-3e93bdc5-146d-448e-a761-9f1b4dd51113&Prime; _builder_version=\u00a0\u00bb4.24.3&Prime; _module_preset=\u00a0\u00bbdefault\u00a0\u00bb locked=\u00a0\u00bboff\u00a0\u00bb global_colors_info=\u00a0\u00bb{%22gcid-3e93bdc5-146d-448e-a761-9f1b4dd51113%22:%91%22overlay_icon_color%22%93}\u00a0\u00bb][\/et_pb_image][\/et_pb_column][et_pb_column type=\u00a0\u00bb1_4&Prime; _builder_version=\u00a0\u00bb4.24.3&Prime; _module_preset=\u00a0\u00bbdefault\u00a0\u00bb global_colors_info=\u00a0\u00bb{}\u00a0\u00bb][et_pb_image src=\u00a0\u00bbhttps:\/\/levergerdessources.fr\/wp-content\/uploads\/2024\/08\/caffee_shop_03.jpg\u00a0\u00bb title_text=\u00a0\u00bbcaffee_shop_03&Prime; show_in_lightbox=\u00a0\u00bbon\u00a0\u00bb use_overlay=\u00a0\u00bbon\u00a0\u00bb overlay_icon_color=\u00a0\u00bbgcid-3e93bdc5-146d-448e-a761-9f1b4dd51113&Prime; _builder_version=\u00a0\u00bb4.24.3&Prime; _module_preset=\u00a0\u00bbdefault\u00a0\u00bb locked=\u00a0\u00bboff\u00a0\u00bb global_colors_info=\u00a0\u00bb{%22gcid-3e93bdc5-146d-448e-a761-9f1b4dd51113%22:%91%22overlay_icon_color%22%93}\u00a0\u00bb][\/et_pb_image][\/et_pb_column][et_pb_column type=\u00a0\u00bb1_4&Prime; _builder_version=\u00a0\u00bb4.24.3&Prime; _module_preset=\u00a0\u00bbdefault\u00a0\u00bb global_colors_info=\u00a0\u00bb{}\u00a0\u00bb][et_pb_image src=\u00a0\u00bbhttps:\/\/levergerdessources.fr\/wp-content\/uploads\/2024\/08\/caffee_shop_04.jpg\u00a0\u00bb title_text=\u00a0\u00bbcaffee_shop_04&Prime; show_in_lightbox=\u00a0\u00bbon\u00a0\u00bb use_overlay=\u00a0\u00bbon\u00a0\u00bb overlay_icon_color=\u00a0\u00bbgcid-3e93bdc5-146d-448e-a761-9f1b4dd51113&Prime; _builder_version=\u00a0\u00bb4.24.3&Prime; _module_preset=\u00a0\u00bbdefault\u00a0\u00bb locked=\u00a0\u00bboff\u00a0\u00bb global_colors_info=\u00a0\u00bb{%22gcid-3e93bdc5-146d-448e-a761-9f1b4dd51113%22:%91%22overlay_icon_color%22%93}\u00a0\u00bb][\/et_pb_image][\/et_pb_column][\/et_pb_row][\/et_pb_section]<\/p>\n","protected":false},"excerpt":{"rendered":"<p>Si vous souhaitez devenir partenaire d&rsquo;une r\u00e9sidence qui place le bien-\u00eatre et le confort des r\u00e9sidents au c\u0153ur de ses priorit\u00e9s, n&rsquo;h\u00e9sitez pas \u00e0 nous rejoindre !\u00a0\u00bb<\/p>\n","protected":false},"author":1,"featured_media":0,"parent":0,"menu_order":0,"comment_status":"closed","ping_status":"closed","template":"","meta":{"_et_pb_use_builder":"on","_et_pb_old_content":"","_et_gb_content_width":"","footnotes":""},"_links":{"self":[{"href":"https:\/\/levergerdessources.fr\/index.php\/wp-json\/wp\/v2\/pages\/208"}],"collection":[{"href":"https:\/\/levergerdessources.fr\/index.php\/wp-json\/wp\/v2\/pages"}],"about":[{"href":"https:\/\/levergerdessources.fr\/index.php\/wp-json\/wp\/v2\/types\/page"}],"author":[{"embeddable":true,"href":"https:\/\/levergerdessources.fr\/index.php\/wp-json\/wp\/v2\/users\/1"}],"replies":[{"embeddable":true,"href":"https:\/\/levergerdessources.fr\/index.php\/wp-json\/wp\/v2\/comments?post=208"}],"version-history":[{"count":16,"href":"https:\/\/levergerdessources.fr\/index.php\/wp-json\/wp\/v2\/pages\/208\/revisions"}],"predecessor-version":[{"id":903,"href":"https:\/\/levergerdessources.fr\/index.php\/wp-json\/wp\/v2\/pages\/208\/revisions\/903"}],"wp:attachment":[{"href":"https:\/\/levergerdessources.fr\/index.php\/wp-json\/wp\/v2\/media?parent=208"}],"curies":[{"name":"wp","href":"https:\/\/api.w.org\/{rel}","templated":true}]}}